{"id":178,"date":"2024-07-05T13:51:50","date_gmt":"2024-07-05T16:51:50","guid":{"rendered":"https:\/\/incgrs.com.br\/?page_id=178"},"modified":"2025-10-14T11:49:14","modified_gmt":"2025-10-14T14:49:14","slug":"sobre","status":"publish","type":"page","link":"https:\/\/incgrs.com.br\/index.php\/sobre\/","title":{"rendered":"Sobre"},"content":{"rendered":"\t\t<div data-elementor-type=\"wp-page\" data-elementor-id=\"178\" class=\"elementor elementor-178\">\n\t\t\t\t\t\t<section class=\"elementor-section elementor-top-section elementor-element elementor-element-b15fc66 elementor-section-boxed elementor-section-height-default elementor-section-height-default\" data-id=\"b15fc66\" data-element_type=\"section\" data-e-type=\"section\" data-settings=\"{&quot;background_background&quot;:&quot;classic&quot;}\">\n\t\t\t\t\t\t<div class=\"elementor-container elementor-column-gap-default\">\n\t\t\t\t\t<div class=\"elementor-column elementor-col-100 elementor-top-column elementor-element elementor-element-f676441\" data-id=\"f676441\" data-element_type=\"column\" data-e-type=\"column\">\n\t\t\t<div class=\"elementor-widget-wrap elementor-element-populated\">\n\t\t\t\t\t\t<div class=\"elementor-element elementor-element-61c85f7 elementor-widget__width-inherit elementor-widget elementor-widget-heading\" data-id=\"61c85f7\" data-element_type=\"widget\" data-e-type=\"widget\" data-widget_type=\"heading.default\">\n\t\t\t\t<div class=\"elementor-widget-container\">\n\t\t\t\t\t<h1 class=\"elementor-heading-title elementor-size-default\">Sobre N\u00f3s<\/h1>\t\t\t\t<\/div>\n\t\t\t\t<\/div>\n\t\t\t\t\t<\/div>\n\t\t<\/div>\n\t\t\t\t\t<\/div>\n\t\t<\/section>\n\t\t\t\t<section class=\"elementor-section elementor-top-section elementor-element elementor-element-ba4c448 elementor-reverse-tablet elementor-reverse-mobile elementor-section-boxed elementor-section-height-default elementor-section-height-default\" data-id=\"ba4c448\" data-element_type=\"section\" data-e-type=\"section\" data-settings=\"{&quot;background_background&quot;:&quot;classic&quot;}\">\n\t\t\t\t\t\t<div class=\"elementor-container elementor-column-gap-default\">\n\t\t\t\t\t<div class=\"elementor-column elementor-col-100 elementor-top-column elementor-element elementor-element-3e9a325 elementor-invisible\" data-id=\"3e9a325\" data-element_type=\"column\" data-e-type=\"column\" data-settings=\"{&quot;animation&quot;:&quot;fadeInRight&quot;}\">\n\t\t\t<div class=\"elementor-widget-wrap elementor-element-populated\">\n\t\t\t\t\t\t<div class=\"elementor-element elementor-element-59eef84 elementor-widget__width-initial e-transform e-transform elementor-widget elementor-widget-image\" data-id=\"59eef84\" data-element_type=\"widget\" data-e-type=\"widget\" data-settings=\"{&quot;_transform_rotateZ_effect&quot;:{&quot;unit&quot;:&quot;px&quot;,&quot;size&quot;:&quot;&quot;,&quot;sizes&quot;:[]},&quot;_transform_rotateZ_effect_tablet&quot;:{&quot;unit&quot;:&quot;deg&quot;,&quot;size&quot;:&quot;&quot;,&quot;sizes&quot;:[]},&quot;_transform_rotateZ_effect_mobile&quot;:{&quot;unit&quot;:&quot;deg&quot;,&quot;size&quot;:&quot;&quot;,&quot;sizes&quot;:[]},&quot;_transform_translateX_effect&quot;:{&quot;unit&quot;:&quot;px&quot;,&quot;size&quot;:&quot;&quot;,&quot;sizes&quot;:[]},&quot;_transform_translateX_effect_tablet&quot;:{&quot;unit&quot;:&quot;px&quot;,&quot;size&quot;:&quot;&quot;,&quot;sizes&quot;:[]},&quot;_transform_translateX_effect_mobile&quot;:{&quot;unit&quot;:&quot;px&quot;,&quot;size&quot;:&quot;&quot;,&quot;sizes&quot;:[]},&quot;_transform_translateY_effect&quot;:{&quot;unit&quot;:&quot;px&quot;,&quot;size&quot;:&quot;&quot;,&quot;sizes&quot;:[]},&quot;_transform_translateY_effect_tablet&quot;:{&quot;unit&quot;:&quot;px&quot;,&quot;size&quot;:&quot;&quot;,&quot;sizes&quot;:[]},&quot;_transform_translateY_effect_mobile&quot;:{&quot;unit&quot;:&quot;px&quot;,&quot;size&quot;:&quot;&quot;,&quot;sizes&quot;:[]}}\" data-widget_type=\"image.default\">\n\t\t\t\t<div class=\"elementor-widget-container\">\n\t\t\t\t\t\t\t\t\t\t\t\t\t\t\t<img fetchpriority=\"high\" decoding=\"async\" width=\"1920\" height=\"1080\" src=\"https:\/\/incgrs.com.br\/wp-content\/uploads\/2023\/08\/lista-de-verificacao-de-enchimento-de-marinheiro-afro-americano-durante-o-trabalho.webp\" class=\"attachment-full size-full wp-image-22\" alt=\"\" srcset=\"https:\/\/incgrs.com.br\/wp-content\/uploads\/2023\/08\/lista-de-verificacao-de-enchimento-de-marinheiro-afro-americano-durante-o-trabalho.webp 1920w, https:\/\/incgrs.com.br\/wp-content\/uploads\/2023\/08\/lista-de-verificacao-de-enchimento-de-marinheiro-afro-americano-durante-o-trabalho-300x169.webp 300w, https:\/\/incgrs.com.br\/wp-content\/uploads\/2023\/08\/lista-de-verificacao-de-enchimento-de-marinheiro-afro-americano-durante-o-trabalho-1024x576.webp 1024w, https:\/\/incgrs.com.br\/wp-content\/uploads\/2023\/08\/lista-de-verificacao-de-enchimento-de-marinheiro-afro-americano-durante-o-trabalho-768x432.jpeg 768w, https:\/\/incgrs.com.br\/wp-content\/uploads\/2023\/08\/lista-de-verificacao-de-enchimento-de-marinheiro-afro-americano-durante-o-trabalho-1536x864.jpeg 1536w\" sizes=\"(max-width: 1920px) 100vw, 1920px\" \/>\t\t\t\t\t\t\t\t\t\t\t\t\t\t\t<\/div>\n\t\t\t\t<\/div>\n\t\t\t\t<div class=\"elementor-element elementor-element-766c628 elementor-widget__width-initial elementor-widget elementor-widget-text-editor\" data-id=\"766c628\" data-element_type=\"widget\" data-e-type=\"widget\" data-widget_type=\"text-editor.default\">\n\t\t\t\t<div class=\"elementor-widget-container\">\n\t\t\t\t\t\t\t\t\t<p>H\u00e1 14 anos, a <strong data-start=\"469\" data-end=\"490\">GRS Incorporadora<\/strong> transforma a paisagem do Nordeste brasileiro com empreendimentos que unem <strong data-start=\"565\" data-end=\"602\">arquitetura, natureza e prop\u00f3sito<\/strong>.<\/p><p data-start=\"607\" data-end=\"820\">Nossas obras s\u00e3o mais do que constru\u00e7\u00f5es, s\u00e3o <strong data-start=\"654\" data-end=\"698\">ref\u00fagios de tranquilidade e sofistica\u00e7\u00e3o<\/strong>, concebidos para se integrar \u00e0s <strong data-start=\"731\" data-end=\"762\">belezas naturais do litoral<\/strong>, sempre pr\u00f3ximos \u00e0s praias mais encantadoras da regi\u00e3o.<\/p><p data-start=\"822\" data-end=\"1179\">Acreditamos que a <strong data-start=\"840\" data-end=\"884\">arquitetura deve dialogar com o ambiente<\/strong>, por isso, nossos projetos valorizam <strong data-start=\"922\" data-end=\"980\">linhas org\u00e2nicas, materiais naturais e espa\u00e7os fluidos<\/strong>, que convidam ao <strong data-start=\"998\" data-end=\"1030\">relaxamento e \u00e0 contempla\u00e7\u00e3o<\/strong>. Cada detalhe \u00e9 pensado para oferecer <strong data-start=\"1069\" data-end=\"1103\">experi\u00eancias \u00fanicas de moradia<\/strong>, onde <strong data-start=\"1110\" data-end=\"1142\">conforto, design e bem-estar<\/strong> se encontram em perfeita harmonia.<\/p><p data-start=\"1181\" data-end=\"1440\">Com uma trajet\u00f3ria marcada pela <strong data-start=\"1213\" data-end=\"1267\">excel\u00eancia construtiva, sustentabilidade e solidez<\/strong>, a GRS se consolida como <strong data-start=\"1293\" data-end=\"1345\">refer\u00eancia no mercado imobili\u00e1rio de alto padr\u00e3o<\/strong>, criando n\u00e3o apenas im\u00f3veis, mas <strong data-start=\"1379\" data-end=\"1437\">lares e investimentos que inspiram e transformam vidas<\/strong>.<\/p><p>\n\n\n<\/p><p data-start=\"1442\" data-end=\"1594\">Convidamos voc\u00ea a <strong data-start=\"1460\" data-end=\"1499\">descobrir um novo conceito de viver<\/strong>, onde a <strong data-start=\"1508\" data-end=\"1553\">natureza \u00e9 cen\u00e1rio, o conforto \u00e9 ess\u00eancia<\/strong> e o <strong data-start=\"1558\" data-end=\"1591\">bem-estar \u00e9 parte da paisagem<\/strong>.<\/p>\t\t\t\t\t\t\t\t<\/div>\n\t\t\t\t<\/div>\n\t\t\t\t<div class=\"elementor-element elementor-element-e64b4cb elementor-button-info elementor-align-left elementor-widget elementor-widget-button\" data-id=\"e64b4cb\" data-element_type=\"widget\" data-e-type=\"widget\" data-widget_type=\"button.default\">\n\t\t\t\t<div class=\"elementor-widget-container\">\n\t\t\t\t\t\t\t\t\t<div class=\"elementor-button-wrapper\">\n\t\t\t\t\t<a class=\"elementor-button elementor-button-link elementor-size-sm\" href=\"https:\/\/www.instagram.com\/inc_grs\/\" target=\"_blank\">\n\t\t\t\t\t\t<span class=\"elementor-button-content-wrapper\">\n\t\t\t\t\t\t\t\t\t<span class=\"elementor-button-text\">Descubra um novo conceito de viver<\/span>\n\t\t\t\t\t<\/span>\n\t\t\t\t\t<\/a>\n\t\t\t\t<\/div>\n\t\t\t\t\t\t\t\t<\/div>\n\t\t\t\t<\/div>\n\t\t\t\t\t<\/div>\n\t\t<\/div>\n\t\t\t\t\t<\/div>\n\t\t<\/section>\n\t\t\t\t<section class=\"elementor-section elementor-top-section elementor-element elementor-element-8d1ad11 elementor-section-boxed elementor-section-height-default elementor-section-height-default\" data-id=\"8d1ad11\" data-element_type=\"section\" data-e-type=\"section\">\n\t\t\t\t\t\t<div class=\"elementor-container elementor-column-gap-default\">\n\t\t\t\t\t<div class=\"elementor-column elementor-col-100 elementor-top-column elementor-element elementor-element-55fe712\" data-id=\"55fe712\" data-element_type=\"column\" data-e-type=\"column\">\n\t\t\t<div class=\"elementor-widget-wrap elementor-element-populated\">\n\t\t\t\t\t\t<div class=\"elementor-element elementor-element-08ea59e elementor-widget elementor-widget-heading\" data-id=\"08ea59e\" data-element_type=\"widget\" data-e-type=\"widget\" data-widget_type=\"heading.default\">\n\t\t\t\t<div class=\"elementor-widget-container\">\n\t\t\t\t\t<h2 class=\"elementor-heading-title elementor-size-default\">Obras em andamento<\/h2>\t\t\t\t<\/div>\n\t\t\t\t<\/div>\n\t\t\t\t<div class=\"elementor-element elementor-element-9977be9 elementor-pagination-position-inside elementor-arrows-position-inside elementor-widget elementor-widget-image-carousel\" data-id=\"9977be9\" data-element_type=\"widget\" data-e-type=\"widget\" data-settings=\"{&quot;lazyload&quot;:&quot;yes&quot;,&quot;image_spacing_custom&quot;:{&quot;unit&quot;:&quot;px&quot;,&quot;size&quot;:10,&quot;sizes&quot;:[]},&quot;navigation&quot;:&quot;both&quot;,&quot;autoplay&quot;:&quot;yes&quot;,&quot;pause_on_hover&quot;:&quot;yes&quot;,&quot;pause_on_interaction&quot;:&quot;yes&quot;,&quot;autoplay_speed&quot;:5000,&quot;infinite&quot;:&quot;yes&quot;,&quot;speed&quot;:500,&quot;image_spacing_custom_tablet&quot;:{&quot;unit&quot;:&quot;px&quot;,&quot;size&quot;:&quot;&quot;,&quot;sizes&quot;:[]},&quot;image_spacing_custom_mobile&quot;:{&quot;unit&quot;:&quot;px&quot;,&quot;size&quot;:&quot;&quot;,&quot;sizes&quot;:[]}}\" data-widget_type=\"image-carousel.default\">\n\t\t\t\t<div class=\"elementor-widget-container\">\n\t\t\t\t\t\t\t<div class=\"elementor-image-carousel-wrapper swiper\" role=\"region\" aria-roledescription=\"carousel\" aria-label=\"Carrossel de imagens\" dir=\"ltr\">\n\t\t\t<div class=\"elementor-image-carousel swiper-wrapper\" aria-live=\"off\">\n\t\t\t\t\t\t\t\t<div class=\"swiper-slide\" role=\"group\" aria-roledescription=\"slide\" aria-label=\"1 de 4\"><figure class=\"swiper-slide-inner\"><img class=\"swiper-slide-image swiper-lazy\" data-src=\"https:\/\/incgrs.com.br\/wp-content\/uploads\/elementor\/thumbs\/IMG_2486-scaled-rd74x1dz82ihsexjy57n288utbhlta9idatjltr29s.jpg\" alt=\"IMG_2486\" \/><div class=\"swiper-lazy-preloader\"><\/div><\/figure><\/div><div class=\"swiper-slide\" role=\"group\" aria-roledescription=\"slide\" aria-label=\"2 de 4\"><figure class=\"swiper-slide-inner\"><img class=\"swiper-slide-image swiper-lazy\" data-src=\"https:\/\/incgrs.com.br\/wp-content\/uploads\/elementor\/thumbs\/IMG_2484-scaled-rd74wvqy32arur5qv2rvn9o3909ej3n4ciwmq5zfb4.jpg\" alt=\"IMG_2484\" \/><div class=\"swiper-lazy-preloader\"><\/div><\/figure><\/div><div class=\"swiper-slide\" role=\"group\" aria-roledescription=\"slide\" aria-label=\"3 de 4\"><figure class=\"swiper-slide-inner\"><img class=\"swiper-slide-image swiper-lazy\" data-src=\"https:\/\/incgrs.com.br\/wp-content\/uploads\/elementor\/thumbs\/ea2b153c-22b8-434e-bf1d-4b9e7c7c7aff-rd74wr1r4w4c8pckmiqqssusa2wkgm4gnvn7bs6e68.jpg\" alt=\"ea2b153c-22b8-434e-bf1d-4b9e7c7c7aff\" \/><div class=\"swiper-lazy-preloader\"><\/div><\/figure><\/div><div class=\"swiper-slide\" role=\"group\" aria-roledescription=\"slide\" aria-label=\"4 de 4\"><figure class=\"swiper-slide-inner\"><img class=\"swiper-slide-image swiper-lazy\" data-src=\"https:\/\/incgrs.com.br\/wp-content\/uploads\/elementor\/thumbs\/IMG_2483-scaled-rd74zion9bwqfdbugpt753pn8x9h4j40dkso742nuo.jpg\" alt=\"IMG_2483\" \/><div class=\"swiper-lazy-preloader\"><\/div><\/figure><\/div>\t\t\t<\/div>\n\t\t\t\t\t\t\t\t\t\t\t\t<div class=\"elementor-swiper-button elementor-swiper-button-prev\" role=\"button\" tabindex=\"0\">\n\t\t\t\t\t\t<i aria-hidden=\"true\" class=\"eicon-chevron-left\"><\/i>\t\t\t\t\t<\/div>\n\t\t\t\t\t<div class=\"elementor-swiper-button elementor-swiper-button-next\" role=\"button\" tabindex=\"0\">\n\t\t\t\t\t\t<i aria-hidden=\"true\" class=\"eicon-chevron-right\"><\/i>\t\t\t\t\t<\/div>\n\t\t\t\t\n\t\t\t\t\t\t\t\t\t<div class=\"swiper-pagination\"><\/div>\n\t\t\t\t\t\t\t\t\t<\/div>\n\t\t\t\t\t\t<\/div>\n\t\t\t\t<\/div>\n\t\t\t\t\t<\/div>\n\t\t<\/div>\n\t\t\t\t\t<\/div>\n\t\t<\/section>\n\t\t\t\t<section class=\"elementor-section elementor-top-section elementor-element elementor-element-b7c482a elementor-section-boxed elementor-section-height-default elementor-section-height-default\" data-id=\"b7c482a\" data-element_type=\"section\" data-e-type=\"section\">\n\t\t\t\t\t\t<div class=\"elementor-container elementor-column-gap-default\">\n\t\t\t\t\t<div class=\"elementor-column elementor-col-100 elementor-top-column elementor-element elementor-element-6aa744d\" data-id=\"6aa744d\" data-element_type=\"column\" data-e-type=\"column\">\n\t\t\t<div class=\"elementor-widget-wrap elementor-element-populated\">\n\t\t\t\t\t\t<div class=\"elementor-element elementor-element-5d8b6e0 elementor-widget elementor-widget-spacer\" data-id=\"5d8b6e0\" data-element_type=\"widget\" data-e-type=\"widget\" data-widget_type=\"spacer.default\">\n\t\t\t\t<div class=\"elementor-widget-container\">\n\t\t\t\t\t\t\t<div class=\"elementor-spacer\">\n\t\t\t<div class=\"elementor-spacer-inner\"><\/div>\n\t\t<\/div>\n\t\t\t\t\t\t<\/div>\n\t\t\t\t<\/div>\n\t\t\t\t\t<\/div>\n\t\t<\/div>\n\t\t\t\t\t<\/div>\n\t\t<\/section>\n\t\t\t\t<\/div>\n\t\t","protected":false},"excerpt":{"rendered":"<p>Sobre N\u00f3s H\u00e1 14 anos, a GRS Incorporadora transforma a paisagem do Nordeste brasileiro com empreendimentos que unem arquitetura, natureza e prop\u00f3sito. Nossas obras s\u00e3o mais do que constru\u00e7\u00f5es, s\u00e3o ref\u00fagios de tranquilidade e sofistica\u00e7\u00e3o, concebidos para se integrar \u00e0s belezas naturais do litoral, sempre pr\u00f3ximos \u00e0s praias mais encantadoras da regi\u00e3o. Acreditamos que a [&hellip;]<\/p>\n","protected":false},"author":1,"featured_media":0,"parent":0,"menu_order":0,"comment_status":"closed","ping_status":"closed","template":"","meta":{"_monsterinsights_skip_tracking":false,"_monsterinsights_sitenote_active":false,"_monsterinsights_sitenote_note":"","_monsterinsights_sitenote_category":0,"footnotes":""},"class_list":["post-178","page","type-page","status-publish","hentry"],"_hostinger_reach_plugin_has_subscription_block":false,"_hostinger_reach_plugin_is_elementor":false,"_links":{"self":[{"href":"https:\/\/incgrs.com.br\/index.php\/wp-json\/wp\/v2\/pages\/178","targetHints":{"allow":["GET"]}}],"collection":[{"href":"https:\/\/incgrs.com.br\/index.php\/wp-json\/wp\/v2\/pages"}],"about":[{"href":"https:\/\/incgrs.com.br\/index.php\/wp-json\/wp\/v2\/types\/page"}],"author":[{"embeddable":true,"href":"https:\/\/incgrs.com.br\/index.php\/wp-json\/wp\/v2\/users\/1"}],"replies":[{"embeddable":true,"href":"https:\/\/incgrs.com.br\/index.php\/wp-json\/wp\/v2\/comments?post=178"}],"version-history":[{"count":69,"href":"https:\/\/incgrs.com.br\/index.php\/wp-json\/wp\/v2\/pages\/178\/revisions"}],"predecessor-version":[{"id":338,"href":"https:\/\/incgrs.com.br\/index.php\/wp-json\/wp\/v2\/pages\/178\/revisions\/338"}],"wp:attachment":[{"href":"https:\/\/incgrs.com.br\/index.php\/wp-json\/wp\/v2\/media?parent=178"}],"curies":[{"name":"wp","href":"https:\/\/api.w.org\/{rel}","templated":true}]}}